{"id":11,"date":"2020-03-22T08:42:59","date_gmt":"2020-03-22T07:42:59","guid":{"rendered":"http:\/\/corsita.com\/blog\/?page_id=11"},"modified":"2020-05-26T05:44:50","modified_gmt":"2020-05-26T03:44:50","slug":"ueber-uns","status":"publish","type":"page","link":"https:\/\/www.corsita.com\/blog\/ueber-uns\/","title":{"rendered":"\u00dcber uns"},"content":{"rendered":"\n<p>Wir sind Sylvia und Norbert. Zwei von gesch\u00e4tzten 700 Casellini auf der ganzen Welt.<\/p>\n\n\n\n<figure class=\"wp-block-image size-large\"><a href=\"https:\/\/www.corsita.com\/blog\/wp-content\/uploads\/2020\/05\/Clipboard02.jpg\"><img loading=\"lazy\" decoding=\"async\" width=\"803\" height=\"491\" src=\"https:\/\/www.corsita.com\/blog\/wp-content\/uploads\/2020\/05\/Clipboard02.jpg\" alt=\"\" class=\"wp-image-669\" srcset=\"https:\/\/www.corsita.com\/blog\/wp-content\/uploads\/2020\/05\/Clipboard02.jpg 803w, https:\/\/www.corsita.com\/blog\/wp-content\/uploads\/2020\/05\/Clipboard02-300x183.jpg 300w, https:\/\/www.corsita.com\/blog\/wp-content\/uploads\/2020\/05\/Clipboard02-768x470.jpg 768w\" sizes=\"auto, (max-width: 767px) 89vw, (max-width: 1000px) 54vw, (max-width: 1071px) 543px, 580px\" \/><\/a><\/figure>\n\n\n\n<p>Seit M\u00e4rz 2020 leben und Wohnen wir auf Koh Mak. Eine kleine, sehr sch\u00f6ne Insel im \u00e4u\u00dfersten S\u00fcdosten von Thailand. Eingebettet zwischen den bekannteren Koh Chang und Koh Kood.<\/p>\n\n\n\n<p>Hier haben wir ein Grundst\u00fcck gekauft und bauen ein Resort.<\/p>\n\n\n\n<p>Hier in unserem Blog kannst Du den Fortschritt verfolgen, der hoffentlich bald bemerkbarer  wird. Pandemie bedingt steht jetzt Ende Mai noch alles still.<\/p>\n","protected":false},"excerpt":{"rendered":"<p>Wir sind Sylvia und Norbert. Zwei von gesch\u00e4tzten 700 Casellini auf der ganzen Welt. Seit M\u00e4rz 2020 leben und Wohnen wir auf Koh Mak. Eine kleine, sehr sch\u00f6ne Insel im \u00e4u\u00dfersten S\u00fcdosten von Thailand. Eingebettet zwischen den bekannteren Koh Chang und Koh Kood. Hier haben wir ein Grundst\u00fcck gekauft und bauen ein Resort. Hier in &hellip; <\/p>\n<p class=\"link-more\"><a href=\"https:\/\/www.corsita.com\/blog\/ueber-uns\/\" class=\"more-link\"><span class=\"screen-reader-text\">\u201e\u00dcber uns\u201c<\/span> weiterlesen<\/a><\/p>\n","protected":false},"author":1,"featured_media":0,"parent":0,"menu_order":0,"comment_status":"open","ping_status":"closed","template":"","meta":{"_s2mail":"yes","footnotes":""},"class_list":["post-11","page","type-page","status-publish","hentry"],"_links":{"self":[{"href":"https:\/\/www.corsita.com\/blog\/wp-json\/wp\/v2\/pages\/11","targetHints":{"allow":["GET"]}}],"collection":[{"href":"https:\/\/www.corsita.com\/blog\/wp-json\/wp\/v2\/pages"}],"about":[{"href":"https:\/\/www.corsita.com\/blog\/wp-json\/wp\/v2\/types\/page"}],"author":[{"embeddable":true,"href":"https:\/\/www.corsita.com\/blog\/wp-json\/wp\/v2\/users\/1"}],"replies":[{"embeddable":true,"href":"https:\/\/www.corsita.com\/blog\/wp-json\/wp\/v2\/comments?post=11"}],"version-history":[{"count":4,"href":"https:\/\/www.corsita.com\/blog\/wp-json\/wp\/v2\/pages\/11\/revisions"}],"predecessor-version":[{"id":670,"href":"https:\/\/www.corsita.com\/blog\/wp-json\/wp\/v2\/pages\/11\/revisions\/670"}],"wp:attachment":[{"href":"https:\/\/www.corsita.com\/blog\/wp-json\/wp\/v2\/media?parent=11"}],"curies":[{"name":"wp","href":"https:\/\/api.w.org\/{rel}","templated":true}]}}